{"id":170,"date":"2014-09-07T22:27:18","date_gmt":"2014-09-07T22:27:18","guid":{"rendered":"http:\/\/wp.dev\/total-business-1\/?page_id=170"},"modified":"2021-12-08T22:32:30","modified_gmt":"2021-12-09T01:32:30","slug":"contato","status":"publish","type":"page","link":"https:\/\/circuitointegrado.com.br\/index.php\/contato\/","title":{"rendered":"Contato"},"content":{"rendered":"[vc_row full_width=&#8221;stretch_row&#8221; content_placement=&#8221;middle&#8221; wpex_bg_overlay=&#8221;color&#8221; remove_bottom_col_margin=&#8221;true&#8221; css=&#8221;.vc_custom_1609806259118{background-image: url(http:\/\/circuitointegrado.com.br\/wp-content\/uploads\/2014\/09\/picjumbo.com_IMG_6031.jpg?id=350) !important;background-position: center !important;background-repeat: no-repeat !important;background-size: cover !important;}&#8221; min_height=&#8221;400px&#8221; wpex_bg_overlay_opacity=&#8221;.6&#8243;][vc_column]<h1 class=\"vcex-heading vcex-module wpex-text-2xl wpex-font-normal wpex-m-auto wpex-max-w-100 vcex-heading-plain wpex-block wpex-text-center\" style=\"color:#ffffff;font-size:2.5em;\"><span class=\"vcex-heading-inner wpex-inline-block wpex-clr\">Fale conosco<\/span><\/h1><div class=\"vcex-spacing wpex-w-100 wpex-clear\" style=\"height:5px;\"><\/div><div class=\"vcex-heading vcex-module wpex-text-2xl wpex-font-normal wpex-m-auto wpex-max-w-100 vcex-heading-plain wpex-block wpex-text-center\" style=\"color:#ffffff;font-size:1.2em;\"><span class=\"vcex-heading-inner wpex-inline-block wpex-clr\">Sua mensagem \u00e9 muito importante.<\/span><\/div>[\/vc_column][\/vc_row][vc_row css=&#8221;.vc_custom_1609806306073{padding-top: 40px !important;}&#8221;][vc_column][vc_column_text text_align=&#8221;center&#8221; width=&#8221;800px&#8221; font_size=&#8221;1.6em&#8221;]Solicite um or\u00e7amento. Pergunte sobre as vagas de emprego. Ou apenas diga oi. Seja qual for o motivo, basta preencher o formul\u00e1rio de contato abaixo. Adorar\u00edamos ouvir de voc\u00ea.[\/vc_column_text]<div class=\"vcex-module vcex-divider vcex-divider-solid wpex-max-w-100 wpex-mx-auto vcex-divider-has-icon wpex-flex wpex-items-center\" style=\"width:100%;margin-top:30px;margin-bottom:30px;\"><div class=\"vcex-divider-border wpex-flex-grow wpex-border-b wpex-border-solid wpex-border-main\" style=\"border-bottom-width:1px;\"><\/div><span class=\"vcex-divider-icon-span wpex-inline-flex wpex-justify-center wpex-items-center wpex-box-content wpex-inline-block wpex-text-center wpex-text-lg wpex-py-10 wpex-px-20\" style=\"font-size:20px;color:#000000;\"><span aria-hidden=\"true\" class=\"ticon ticon-envelope-o\"><\/span><\/span><div class=\"vcex-divider-border wpex-flex-grow wpex-border-b wpex-border-solid wpex-border-main\" style=\"border-bottom-width:1px;\"><\/div><\/div><div class=\"vcex-contact-form\" data-ajaxurl=\"https:\/\/circuitointegrado.com.br\/wp-admin\/admin-ajax.php\" data-notice-success=\"Thank you for the message. We will respond as soon as possible.\" data-notice-error=\"Some errors occurred.\" data-nonce=\"694f7ef73b\"><form class=\"vcex-contact-form__form\"><div class=\"vcex-contact-form__fields wpex-mb-15 wpex-flex wpex-gap-20 wpex-flex-wrap\"><div class=\"vcex-contact-form__name wpex-flex-grow\"><label class=\"screen-reader-text\" for=\"vcex-contact-form__6a073f322accd-name\">Seu nome<sup class=\"vcex-contact-form__required\">*<\/sup><\/label><input class=\"vcex-contact-form__input\" type=\"text\" id=\"vcex-contact-form__6a073f322accd-name\" name=\"vcex_cf_name\" required placeholder=\"Seu nome*\"><\/div><div class=\"vcex-contact-form__email wpex-flex-grow\"><label class=\"screen-reader-text\" for=\"vcex-contact-form__6a073f322accd-email\">Seu e-mail<sup class=\"vcex-contact-form__required\">*<\/sup><\/label><input class=\"vcex-contact-form__input\" type=\"email\" id=\"vcex-contact-form__6a073f322accd-email\" name=\"vcex_cf_email\" required placeholder=\"Seu e-mail*\"><\/div><\/div><div class=\"vcex-contact-form__message wpex-mb-15\"><label class=\"screen-reader-text\" for=\"vcex-contact-form__6a073f322accd-message\">Digite sua mensagem<\/label><textarea rows=\"8\" class=\"vcex-contact-form__textarea wpex-align-top\" id=\"vcex-contact-form__6a073f322accd-message\" name=\"vcex_cf_message\" required placeholder=\"Digite sua mensagem\"><\/textarea><\/div><button class=\"vcex-contact-form__submit vcex-contact-form__submit--full\">Envie sua mensagem<\/button><div class=\"vcex-contact-form__spinner wpex-mt-15 wpex-hidden\"><svg height=\"20\" width=\"20\" viewBox=\"0 0 36 36\" xmlns=\"http:\/\/www.w3.org\/2000\/svg\"><circle cx=\"18\" cy=\"18\" r=\"18\" fill=\"#a2a2a2\" fill-opacity=\".5\"\/><circle cx=\"18\" cy=\"8\" r=\"4\" fill=\"#fff\"><animateTransform attributeName=\"transform\" dur=\"1100ms\" from=\"0 18 18\" repeatCount=\"indefinite\" to=\"360 18 18\" type=\"rotate\"\/><\/circle><\/svg><\/div><div class=\"vcex-contact-form__notice wpex-hidden wpex-alert wpex-mt-15 wpex-mb-0\"><\/div><\/form><div class=\"vcex-contact-form__overlay wpex-hidden\"><\/div><\/div><div class=\"vcex-spacing wpex-w-100 wpex-clear\" style=\"height:40px;\"><\/div>[\/vc_column][\/vc_row]\n","protected":false},"excerpt":{"rendered":"<p>[vc_row full_width=&#8221;stretch_row&#8221; content_placement=&#8221;middle&#8221; wpex_bg_overlay=&#8221;color&#8221; remove_bottom_col_margin=&#8221;true&#8221; css=&#8221;.vc_custom_1609806259118{background-image: url(http:\/\/circuitointegrado.com.br\/wp-content\/uploads\/2014\/09\/picjumbo.com_IMG_6031.jpg?id=350) !important;background-position: center !important;background-repeat: no-repeat !important;background-size: cover !important;}&#8221; min_height=&#8221;400px&#8221; wpex_bg_overlay_opacity=&#8221;.6&#8243;][vc_column][\/vc_column][\/vc_row][vc_row css=&#8221;.vc_custom_1609806306073{padding-top: 40px !important;}&#8221;][vc_column][vc_column_text text_align=&#8221;center&#8221; width=&#8221;800px&#8221; font_size=&#8221;1.6em&#8221;]Solicite um or\u00e7amento. Pergunte sobre as vagas de emprego. Ou apenas diga oi. Seja qual for o motivo, basta preencher o formul\u00e1rio de contato abaixo. Adorar\u00edamos ouvir de voc\u00ea.[\/vc_column_text][\/vc_column][\/vc_row]<\/p>\n","protected":false},"author":1,"featured_media":0,"parent":0,"menu_order":0,"comment_status":"closed","ping_status":"closed","template":"","meta":[],"_links":{"self":[{"href":"https:\/\/circuitointegrado.com.br\/index.php\/wp-json\/wp\/v2\/pages\/170"}],"collection":[{"href":"https:\/\/circuitointegrado.com.br\/index.php\/wp-json\/wp\/v2\/pages"}],"about":[{"href":"https:\/\/circuitointegrado.com.br\/index.php\/wp-json\/wp\/v2\/types\/page"}],"author":[{"embeddable":true,"href":"https:\/\/circuitointegrado.com.br\/index.php\/wp-json\/wp\/v2\/users\/1"}],"replies":[{"embeddable":true,"href":"https:\/\/circuitointegrado.com.br\/index.php\/wp-json\/wp\/v2\/comments?post=170"}],"version-history":[{"count":4,"href":"https:\/\/circuitointegrado.com.br\/index.php\/wp-json\/wp\/v2\/pages\/170\/revisions"}],"predecessor-version":[{"id":561,"href":"https:\/\/circuitointegrado.com.br\/index.php\/wp-json\/wp\/v2\/pages\/170\/revisions\/561"}],"wp:attachment":[{"href":"https:\/\/circuitointegrado.com.br\/index.php\/wp-json\/wp\/v2\/media?parent=170"}],"curies":[{"name":"wp","href":"https:\/\/api.w.org\/{rel}","templated":true}]}}